{"id":40,"date":"2014-06-12T12:34:52","date_gmt":"2014-06-12T10:34:52","guid":{"rendered":"http:\/\/physiotherapie-backes.de\/?page_id=40"},"modified":"2018-02-09T18:00:05","modified_gmt":"2018-02-09T16:00:05","slug":"zertifikate","status":"publish","type":"page","link":"https:\/\/physiotherapie-backes.de\/?page_id=40","title":{"rendered":"Zertifikate"},"content":{"rendered":"<table id=\"zertifikate\">\n<tr>\n<td colspan=\"2\" class=\"zert_table_header\">Zertifikate unserer Mitarbeiter<\/td>\n<\/tr>\n<tr>\n<td colspan=\"2\" class=\"zert_table_name\"><strong>Marlies Backes<\/strong><\/td>\n<\/tr>\n<tr>\n<td class=\"zert_table_icon\"><\/td>\n<td><a href=\"http:\/\/physiotherapie-backes.de\/wp-content\/uploads\/2014\/06\/Backes_Marlies_Ayurveda_Grundkurs.pdf\" target=\"_blank\">Ayurveda Grundkurs<\/a><\/td>\n<\/tr>\n<tr>\n<td class=\"zert_table_icon\"><\/td>\n<td><a href=\"http:\/\/physiotherapie-backes.de\/wp-content\/uploads\/2014\/06\/Backes_Marlies_Dorn-_und_Breu\u00df-Therapie.pdf\" target=\"_blank\">Dorn- und Breu\u00df-Therapie<\/a><\/td>\n<\/tr>\n<tr>\n<td class=\"zert_table_icon\"><\/td>\n<td><a href=\"http:\/\/physiotherapie-backes.de\/wp-content\/uploads\/2014\/06\/Backes_Marlies_Fu\u00dfreflexzonenmassage.pdf\" target=\"_blank\">Fu\u00dfreflexzonenmassage<\/a><\/td>\n<\/tr>\n<tr>\n<td class=\"zert_table_icon\"><\/td>\n<td><a href=\"http:\/\/physiotherapie-backes.de\/wp-content\/uploads\/2014\/06\/Backes_Marlies_Tapen.pdf\" target=\"_blank\">Tapen<\/td>\n<\/tr>\n<tr>\n<td class=\"zert_table_icon\"><\/td>\n<td><a href=\"http:\/\/physiotherapie-backes.de\/wp-content\/uploads\/2014\/06\/Backes_Marlies_Zentrifugalmassage.pdf\" target=\"_blank\">Zentrifugalmassage<\/td>\n<\/tr>\n<tr>\n<td colspan=\"2\" class=\"zert_table_name\"><strong>Annett Backes<\/strong><\/td>\n<\/tr>\n<tr>\n<td class=\"zert_table_icon\"><\/td>\n<td><a href=\"http:\/\/physiotherapie-backes.de\/wp-content\/uploads\/2014\/06\/Backes_Annett_Berufsbezeichnung.pdf\" target=\"_blank\">Berufsbezeichnung<\/td>\n<\/tr>\n<tr>\n<td class=\"zert_table_icon\"><\/td>\n<td><a href=\"http:\/\/physiotherapie-backes.de\/wp-content\/uploads\/2014\/06\/Backes_Annett_KG_Ger\u00e4te.pdf\" target=\"_blank\">Ger\u00e4tegest\u00fctzte Krankengymnastik<\/td>\n<\/tr>\n<tr>\n<td class=\"zert_table_icon\"><\/td>\n<td><a href=\"http:\/\/physiotherapie-backes.de\/wp-content\/uploads\/2014\/06\/Backes_Annett_Kinderr\u00fcckenschule.pdf\" target=\"_blank\">Kinderr\u00fcckenschule<\/td>\n<\/tr>\n<tr>\n<td class=\"zert_table_icon\"><\/td>\n<td><a href=\"http:\/\/physiotherapie-backes.de\/wp-content\/uploads\/2014\/06\/Backes_Annett_Lymphdrainage.pdf\" target=\"_blank\">Lymphdrainage<\/td>\n<\/tr>\n<tr>\n<td class=\"zert_table_icon\"><\/td>\n<td><a href=\"http:\/\/physiotherapie-backes.de\/wp-content\/uploads\/2014\/06\/Backes_Annett_MT.pdf\" target=\"_blank\">Manuelle Therapie<\/td>\n<\/tr>\n<tr>\n<td class=\"zert_table_icon\"><\/td>\n<td><a href=\"http:\/\/physiotherapie-backes.de\/wp-content\/uploads\/2018\/02\/Backes_Annett_Mukoviszitose.pdf\" target=\"_blank\">Mukoviszidose &#8211; Atemtherapie<\/td>\n<\/tr>\n<tr>\n<td class=\"zert_table_icon\"><\/td>\n<td><a href=\"http:\/\/physiotherapie-backes.de\/wp-content\/uploads\/2014\/06\/Backes_Annett_PNF.pdf\" target=\"_blank\">Propriozeptive neuromuskul\u00e4re Fazilitation<\/td>\n<\/tr>\n<tr>\n<td class=\"zert_table_icon\"><\/td>\n<td><a href=\"http:\/\/physiotherapie-backes.de\/wp-content\/uploads\/2014\/06\/Backes_Annett_Schlingentisch.pdf\" target=\"_blank\">Schlingentisch<\/td>\n<\/tr>\n<tr>\n<td class=\"zert_table_icon\"><\/td>\n<td><a href=\"http:\/\/physiotherapie-backes.de\/wp-content\/uploads\/2014\/06\/Backes_Annett_Schroththerapeut.pdf\" target=\"_blank\">Schroththerapie<\/td>\n<\/tr>\n<tr>\n<td class=\"zert_table_icon\"><\/td>\n<td><a href=\"http:\/\/physiotherapie-backes.de\/wp-content\/uploads\/2014\/06\/Backes_Annett_Zentrifugalmassage.pdf\" target=\"_blank\">Zentrifugalmassage<\/td>\n<\/tr>\n<tr>\n<td colspan=\"2\" class=\"zert_table_name\"><strong>Vivian Kohout<\/strong><\/td>\n<\/tr>\n<tr>\n<td class=\"zert_table_icon\"><\/td>\n<td><a href=\"http:\/\/physiotherapie-backes.de\/wp-content\/uploads\/2018\/02\/Kohout-Vivian-Bauch-R\u00fccken-Highlight.pdf\" target=\"_blank\">Bauch-R\u00fccken-Highlight<\/td>\n<\/tr>\n<tr>\n<td class=\"zert_table_icon\"><\/td>\n<td><a href=\"http:\/\/physiotherapie-backes.de\/wp-content\/uploads\/2014\/06\/Kohout_Vivian_Beckenboden-S.pdf\" target=\"_blank\">Beckenboden<\/td>\n<\/tr>\n<tr>\n<td class=\"zert_table_icon\"><\/td>\n<td><a href=\"http:\/\/physiotherapie-backes.de\/wp-content\/uploads\/2014\/06\/Kohout_Vivian_Berufsbezeichnung.pdf\" target=\"_blank\">Berufsbezeichnung<\/td>\n<\/tr>\n<tr>\n<td class=\"zert_table_icon\"><\/td>\n<td><a href=\"http:\/\/physiotherapie-backes.de\/wp-content\/uploads\/2014\/06\/Kohout_Vivian_Lymphdrainage.pdf\" target=\"_blank\">Lymphdrainage<\/td>\n<\/tr>\n<tr>\n<td class=\"zert_table_icon\"><\/td>\n<td><a href=\"http:\/\/physiotherapie-backes.de\/wp-content\/uploads\/2018\/02\/Kohout_Vivian_MT.pdf\" target=\"_blank\">Manuelle Therapie<\/td>\n<\/tr>\n<tr>\n<td class=\"zert_table_icon\"><\/td>\n<td><a href=\"http:\/\/physiotherapie-backes.de\/wp-content\/uploads\/2014\/06\/Kohout_Vivian_R\u00fcckenschule.pdf\" target=\"_blank\">R\u00fcckenschule 1<\/td>\n<\/tr>\n<tr>\n<td class=\"zert_table_icon\"><\/td>\n<td><a href=\"http:\/\/physiotherapie-backes.de\/wp-content\/uploads\/2014\/06\/Kohout_Vivian_R\u00fcckenschule_Refresher2013.pdf\" target=\"_blank\">R\u00fcckenschule 2<\/td>\n<\/tr>\n<tr>\n<td class=\"zert_table_icon\"><\/td>\n<td><a href=\"http:\/\/physiotherapie-backes.de\/wp-content\/uploads\/2018\/02\/Kouhut-Vivian-Tiefe-R\u00fcckenmuskulatur.pdf\" target=\"_blank\">Tiefe R\u00fcckenmuskulatur<\/td>\n<\/tr>\n<\/table>\n","protected":false},"excerpt":{"rendered":"<p>Zertifikate unserer Mitarbeiter Marlies Backes Ayurveda Grundkurs Dorn- und Breu\u00df-Therapie Fu\u00dfreflexzonenmassage Tapen Zentrifugalmassage Annett Backes Berufsbezeichnung Ger\u00e4tegest\u00fctzte Krankengymnastik Kinderr\u00fcckenschule Lymphdrainage Manuelle Therapie Mukoviszidose &#8211; Atemtherapie Propriozeptive neuromuskul\u00e4re Fazilitation Schlingentisch Schroththerapie Zentrifugalmassage Vivian Kohout Bauch-R\u00fccken-Highlight Beckenboden Berufsbezeichnung Lymphdrainage Manuelle Therapie R\u00fcckenschule 1 R\u00fcckenschule 2 Tiefe R\u00fcckenmuskulatur<\/p>\n","protected":false},"author":3,"featured_media":0,"parent":0,"menu_order":0,"comment_status":"closed","ping_status":"closed","template":"","meta":{"_et_pb_use_builder":"","_et_pb_old_content":"","_et_gb_content_width":"","footnotes":""},"class_list":["post-40","page","type-page","status-publish","hentry"],"_links":{"self":[{"href":"https:\/\/physiotherapie-backes.de\/index.php?rest_route=\/wp\/v2\/pages\/40","targetHints":{"allow":["GET"]}}],"collection":[{"href":"https:\/\/physiotherapie-backes.de\/index.php?rest_route=\/wp\/v2\/pages"}],"about":[{"href":"https:\/\/physiotherapie-backes.de\/index.php?rest_route=\/wp\/v2\/types\/page"}],"author":[{"embeddable":true,"href":"https:\/\/physiotherapie-backes.de\/index.php?rest_route=\/wp\/v2\/users\/3"}],"replies":[{"embeddable":true,"href":"https:\/\/physiotherapie-backes.de\/index.php?rest_route=%2Fwp%2Fv2%2Fcomments&post=40"}],"version-history":[{"count":26,"href":"https:\/\/physiotherapie-backes.de\/index.php?rest_route=\/wp\/v2\/pages\/40\/revisions"}],"predecessor-version":[{"id":177,"href":"https:\/\/physiotherapie-backes.de\/index.php?rest_route=\/wp\/v2\/pages\/40\/revisions\/177"}],"wp:attachment":[{"href":"https:\/\/physiotherapie-backes.de\/index.php?rest_route=%2Fwp%2Fv2%2Fmedia&parent=40"}],"curies":[{"name":"wp","href":"https:\/\/api.w.org\/{rel}","templated":true}]}}